{"id":4115,"date":"2022-10-23T01:07:27","date_gmt":"2022-10-23T04:07:27","guid":{"rendered":"https:\/\/netfibra.com\/jundiai\/?page_id=4115"},"modified":"2025-05-19T19:03:28","modified_gmt":"2025-05-19T22:03:28","slug":"quem-somos","status":"publish","type":"page","link":"https:\/\/netfibra.com\/jundiai\/quem-somos\/","title":{"rendered":"Sobre N\u00f3s"},"content":{"rendered":"\t\t<div data-elementor-type=\"wp-page\" data-elementor-id=\"4115\" class=\"elementor elementor-4115\">\n\t\t\t\t<div class=\"elementor-element elementor-element-189a38b e-flex e-con-boxed e-con e-parent\" data-id=\"189a38b\" data-element_type=\"container\" data-settings=\"{&quot;background_background&quot;:&quot;classic&quot;}\">\n\t\t\t\t\t<div class=\"e-con-inner\">\n\t\t\t\t<div class=\"elementor-element elementor-element-3d3a395 elementor-widget__width-inherit elementor-widget elementor-widget-spacer\" data-id=\"3d3a395\" data-element_type=\"widget\" data-widget_type=\"spacer.default\">\n\t\t\t\t<div class=\"elementor-widget-container\">\n\t\t\t\t\t\t\t<div class=\"elementor-spacer\">\n\t\t\t<div class=\"elementor-spacer-inner\"><\/div>\n\t\t<\/div>\n\t\t\t\t\t\t<\/div>\n\t\t\t\t<\/div>\n\t\t\t\t\t<\/div>\n\t\t\t\t<\/div>\n\t\t<div class=\"elementor-element elementor-element-3743442 e-flex e-con-boxed e-con e-parent\" data-id=\"3743442\" data-element_type=\"container\">\n\t\t\t\t\t<div class=\"e-con-inner\">\n\t\t\t\t<div class=\"elementor-element elementor-element-8695efb elementor-widget elementor-widget-heading\" data-id=\"8695efb\" data-element_type=\"widget\" data-widget_type=\"heading.default\">\n\t\t\t\t<div class=\"elementor-widget-container\">\n\t\t\t\t\t<h2 class=\"elementor-heading-title elementor-size-large\">INSTITUCIONAL\n<\/h2>\t\t\t\t<\/div>\n\t\t\t\t<\/div>\n\t\t\t\t<div class=\"elementor-element elementor-element-ff08d35 elementor-widget elementor-widget-heading\" data-id=\"ff08d35\" data-element_type=\"widget\" data-widget_type=\"heading.default\">\n\t\t\t\t<div class=\"elementor-widget-container\">\n\t\t\t\t\t<h2 class=\"elementor-heading-title elementor-size-large\">Sobre N\u00f3s<\/h2>\t\t\t\t<\/div>\n\t\t\t\t<\/div>\n\t\t\t\t<div class=\"elementor-element elementor-element-8a069ee elementor-widget__width-initial elementor-widget-mobile__width-inherit elementor-widget elementor-widget-heading\" data-id=\"8a069ee\" data-element_type=\"widget\" data-widget_type=\"heading.default\">\n\t\t\t\t<div class=\"elementor-widget-container\">\n\t\t\t\t\t<h2 class=\"elementor-heading-title elementor-size-large\">Com mais de 10 anos de experi\u00eancia no mercado, a NetFibra construiu uma trajet\u00f3ria pautada em seriedade, comprometimento e, acima de tudo, respeito por cada cliente. \n\nNossa motiva\u00e7\u00e3o di\u00e1ria \u00e9 oferecer uma experi\u00eancia de alta qualidade, com atendimento humano e solu\u00e7\u00f5es tecnol\u00f3gicas que realmente fazem a diferen\u00e7a.\n\nNosso compromisso vai al\u00e9m da conex\u00e3o: levamos inova\u00e7\u00e3o, estabilidade e suporte para a sua casa ou empresa, porque acreditamos que uma boa internet transforma rotinas, impulsiona neg\u00f3cios e aproxima pessoas.\n<\/h2>\t\t\t\t<\/div>\n\t\t\t\t<\/div>\n\t\t\t\t\t<\/div>\n\t\t\t\t<\/div>\n\t\t<div class=\"elementor-element elementor-element-3ec7b6f e-flex e-con-boxed e-con e-parent\" data-id=\"3ec7b6f\" data-element_type=\"container\">\n\t\t\t\t\t<div class=\"e-con-inner\">\n\t\t<div class=\"elementor-element elementor-element-83420cd e-con-full e-flex e-con e-child\" data-id=\"83420cd\" data-element_type=\"container\" data-settings=\"{&quot;background_background&quot;:&quot;gradient&quot;}\">\n\t\t\t\t<div class=\"elementor-element elementor-element-d87e489 elementor-widget elementor-widget-heading\" data-id=\"d87e489\" data-element_type=\"widget\" data-widget_type=\"heading.default\">\n\t\t\t\t<div class=\"elementor-widget-container\">\n\t\t\t\t\t<h2 class=\"elementor-heading-title elementor-size-large\">Mais do que internet. A NetFibra entrega conex\u00e3o, inova\u00e7\u00e3o e acessibilidade na medida certa.\n<\/h2>\t\t\t\t<\/div>\n\t\t\t\t<\/div>\n\t\t\t\t<\/div>\n\t\t<div class=\"elementor-element elementor-element-9d31564 e-con-full e-flex e-con e-child\" data-id=\"9d31564\" data-element_type=\"container\" data-settings=\"{&quot;background_background&quot;:&quot;classic&quot;}\">\n\t\t\t\t<div class=\"elementor-element elementor-element-650fcab elementor-widget elementor-widget-spacer\" data-id=\"650fcab\" data-element_type=\"widget\" data-widget_type=\"spacer.default\">\n\t\t\t\t<div class=\"elementor-widget-container\">\n\t\t\t\t\t\t\t<div class=\"elementor-spacer\">\n\t\t\t<div class=\"elementor-spacer-inner\"><\/div>\n\t\t<\/div>\n\t\t\t\t\t\t<\/div>\n\t\t\t\t<\/div>\n\t\t\t\t<\/div>\n\t\t\t\t\t<\/div>\n\t\t\t\t<\/div>\n\t\t<div class=\"elementor-element elementor-element-b3649e6 e-con-full e-flex e-con e-parent\" data-id=\"b3649e6\" data-element_type=\"container\">\n\t\t<div class=\"elementor-element elementor-element-760b464 e-con-full e-flex e-con e-child\" data-id=\"760b464\" data-element_type=\"container\" data-settings=\"{&quot;background_background&quot;:&quot;classic&quot;}\">\n\t\t\t\t<div class=\"elementor-element elementor-element-a00710a elementor-vertical-align-top elementor-widget elementor-widget-icon-box\" data-id=\"a00710a\" data-element_type=\"widget\" data-widget_type=\"icon-box.default\">\n\t\t\t\t<div class=\"elementor-widget-container\">\n\t\t\t\t\t\t\t<div class=\"elementor-icon-box-wrapper\">\n\n\t\t\t\n\t\t\t\t\t\t<div class=\"elementor-icon-box-content\">\n\n\t\t\t\t\t\t\t\t\t<h3 class=\"elementor-icon-box-title\">\n\t\t\t\t\t\t<a href=\"#\" >\n\t\t\t\t\t\t\tMiss\u00e3o\t\t\t\t\t\t<\/a>\n\t\t\t\t\t<\/h3>\n\t\t\t\t\n\t\t\t\t\t\t\t\t\t<p class=\"elementor-icon-box-description\">\n\t\t\t\t\t\tNossa miss\u00e3o \u00e9 levar conex\u00e3o e tecnologia de forma eficiente, acess\u00edvel e com excel\u00eancia, contribuindo para o desenvolvimento da sociedade e garantindo a qualidade em cada entrega.\n\t\t\t\t\t<\/p>\n\t\t\t\t\n\t\t\t<\/div>\n\t\t\t\n\t\t<\/div>\n\t\t\t\t\t\t<\/div>\n\t\t\t\t<\/div>\n\t\t\t\t<\/div>\n\t\t<div class=\"elementor-element elementor-element-19adcc0 e-con-full e-flex e-con e-child\" data-id=\"19adcc0\" data-element_type=\"container\" data-settings=\"{&quot;background_background&quot;:&quot;classic&quot;}\">\n\t\t\t\t<div class=\"elementor-element elementor-element-07183f1 elementor-vertical-align-top elementor-widget elementor-widget-icon-box\" data-id=\"07183f1\" data-element_type=\"widget\" data-widget_type=\"icon-box.default\">\n\t\t\t\t<div class=\"elementor-widget-container\">\n\t\t\t\t\t\t\t<div class=\"elementor-icon-box-wrapper\">\n\n\t\t\t\n\t\t\t\t\t\t<div class=\"elementor-icon-box-content\">\n\n\t\t\t\t\t\t\t\t\t<h3 class=\"elementor-icon-box-title\">\n\t\t\t\t\t\t<a href=\"#\" >\n\t\t\t\t\t\t\tVis\u00e3o\t\t\t\t\t\t<\/a>\n\t\t\t\t\t<\/h3>\n\t\t\t\t\n\t\t\t\t\t\t\t\t\t<p class=\"elementor-icon-box-description\">\n\t\t\t\t\t\tSer l\u00edder e refer\u00eancia no mercado por oferecer experi\u00eancias em conectividade e tecnologia com inova\u00e7\u00e3o, qualidade e compromisso.\n\n\t\t\t\t\t<\/p>\n\t\t\t\t\n\t\t\t<\/div>\n\t\t\t\n\t\t<\/div>\n\t\t\t\t\t\t<\/div>\n\t\t\t\t<\/div>\n\t\t\t\t<\/div>\n\t\t<div class=\"elementor-element elementor-element-fc93987 e-con-full e-flex e-con e-child\" data-id=\"fc93987\" data-element_type=\"container\" data-settings=\"{&quot;background_background&quot;:&quot;classic&quot;}\">\n\t\t\t\t<div class=\"elementor-element elementor-element-ec42636 elementor-vertical-align-top elementor-widget elementor-widget-icon-box\" data-id=\"ec42636\" data-element_type=\"widget\" data-widget_type=\"icon-box.default\">\n\t\t\t\t<div class=\"elementor-widget-container\">\n\t\t\t\t\t\t\t<div class=\"elementor-icon-box-wrapper\">\n\n\t\t\t\n\t\t\t\t\t\t<div class=\"elementor-icon-box-content\">\n\n\t\t\t\t\t\t\t\t\t<h3 class=\"elementor-icon-box-title\">\n\t\t\t\t\t\t<a href=\"#\" >\n\t\t\t\t\t\t\tValores\t\t\t\t\t\t<\/a>\n\t\t\t\t\t<\/h3>\n\t\t\t\t\n\t\t\t\t\n\t\t\t<\/div>\n\t\t\t\n\t\t<\/div>\n\t\t\t\t\t\t<\/div>\n\t\t\t\t<\/div>\n\t\t\t\t<div class=\"elementor-element elementor-element-96d5adb elementor-widget elementor-widget-text-editor\" data-id=\"96d5adb\" data-element_type=\"widget\" data-widget_type=\"text-editor.default\">\n\t\t\t\t<div class=\"elementor-widget-container\">\n\t\t\t\t\t\t\t\t\t<p><strong>Transpar\u00eancia<\/strong><br \/>Agimos com clareza e \u00e9tica em todas as nossas rela\u00e7\u00f5es, construindo confian\u00e7a com nossos clientes, parceiros e colaboradores.<\/p><p><strong>Respeito<\/strong><br \/>Valorizamos as pessoas em sua individualidade, promovendo rela\u00e7\u00f5es humanas, inclusivas e colaborativas.<br \/><br \/><strong>Sustentabilidade<\/strong><br \/>Assumimos o compromisso com o futuro, adotando pr\u00e1ticas que respeitam o meio ambiente e promovem o desenvolvimento consciente.<\/p>\t\t\t\t\t\t\t\t<\/div>\n\t\t\t\t<\/div>\n\t\t\t\t<\/div>\n\t\t\t\t<\/div>\n\t\t<div class=\"elementor-element elementor-element-d482f9e e-flex e-con-boxed e-con e-parent\" data-id=\"d482f9e\" data-element_type=\"container\" data-settings=\"{&quot;background_background&quot;:&quot;classic&quot;}\">\n\t\t\t\t\t<div class=\"e-con-inner\">\n\t\t\t\t<div class=\"elementor-element elementor-element-b8dcf5e elementor-widget elementor-widget-image\" data-id=\"b8dcf5e\" data-element_type=\"widget\" data-widget_type=\"image.default\">\n\t\t\t\t<div class=\"elementor-widget-container\">\n\t\t\t\t\t\t\t\t\t\t\t\t\t\t\t<img fetchpriority=\"high\" decoding=\"async\" width=\"942\" height=\"693\" src=\"https:\/\/netfibra.com\/jundiai\/wp-content\/uploads\/2025\/05\/TOGHETER.png\" class=\"attachment-large size-large wp-image-4273\" alt=\"\" \/>\t\t\t\t\t\t\t\t\t\t\t\t\t\t\t<\/div>\n\t\t\t\t<\/div>\n\t\t\t\t\t<\/div>\n\t\t\t\t<\/div>\n\t\t\t\t<\/div>\n\t\t","protected":false},"excerpt":{"rendered":"<p>INSTITUCIONAL Sobre N\u00f3s Com mais de 10 anos de experi\u00eancia no mercado, a NetFibra construiu uma trajet\u00f3ria pautada em seriedade, comprometimento e, acima de tudo, respeito por cada cliente. Nossa motiva\u00e7\u00e3o di\u00e1ria \u00e9 oferecer uma experi\u00eancia de [&hellip;]<\/p>\n","protected":false},"author":1,"featured_media":0,"parent":0,"menu_order":0,"comment_status":"closed","ping_status":"closed","template":"","meta":{"footnotes":""},"class_list":["post-4115","page","type-page","status-publish","hentry"],"_links":{"self":[{"href":"https:\/\/netfibra.com\/jundiai\/wp-json\/wp\/v2\/pages\/4115","targetHints":{"allow":["GET"]}}],"collection":[{"href":"https:\/\/netfibra.com\/jundiai\/wp-json\/wp\/v2\/pages"}],"about":[{"href":"https:\/\/netfibra.com\/jundiai\/wp-json\/wp\/v2\/types\/page"}],"author":[{"embeddable":true,"href":"https:\/\/netfibra.com\/jundiai\/wp-json\/wp\/v2\/users\/1"}],"replies":[{"embeddable":true,"href":"https:\/\/netfibra.com\/jundiai\/wp-json\/wp\/v2\/comments?post=4115"}],"version-history":[{"count":11,"href":"https:\/\/netfibra.com\/jundiai\/wp-json\/wp\/v2\/pages\/4115\/revisions"}],"predecessor-version":[{"id":4367,"href":"https:\/\/netfibra.com\/jundiai\/wp-json\/wp\/v2\/pages\/4115\/revisions\/4367"}],"wp:attachment":[{"href":"https:\/\/netfibra.com\/jundiai\/wp-json\/wp\/v2\/media?parent=4115"}],"curies":[{"name":"wp","href":"https:\/\/api.w.org\/{rel}","templated":true}]}}